{"id":2621,"date":"2022-09-04T11:45:03","date_gmt":"2022-09-04T09:45:03","guid":{"rendered":"http:\/\/szls.transistorgrab.de\/?page_id=2621"},"modified":"2023-03-10T14:01:20","modified_gmt":"2023-03-10T12:01:20","slug":"rezepte","status":"publish","type":"page","link":"http:\/\/szls.transistorgrab.de\/?page_id=2621","title":{"rendered":"Rezepte"},"content":{"rendered":"<h3>Veganer R\u00fchrkuchen<\/h3>\n<p>400g Mehl<br \/>\n250g Zucker<br \/>\n2 P\u00e4ckchen Vanillezucker<br \/>\n1 P\u00e4ckchen Backpulver<br \/>\n350 ml Milchalternative<br \/>\n150 ml \u00d6l<br \/>\n1 Prise Salz<br \/>\n1 Banane<\/p>\n<p>45 min bei 200\u00b0C Umluft<\/p>\n<p>Variationen:<br \/>\neine Banane mit unterr\u00fchren<br \/>\nKakao rein<\/p>\n","protected":false},"excerpt":{"rendered":"<p>Veganer R\u00fchrkuchen 400g Mehl 250g Zucker 2 P\u00e4ckchen Vanillezucker 1 P\u00e4ckchen Backpulver 350 ml Milchalternative 150 ml \u00d6l 1 Prise Salz 1 Banane 45 min bei 200\u00b0C Umluft Variationen: eine Banane mit unterr\u00fchren Kakao rein<\/p>\n","protected":false},"author":1,"featured_media":0,"parent":0,"menu_order":0,"comment_status":"closed","ping_status":"closed","template":"","meta":{"footnotes":""},"_links":{"self":[{"href":"http:\/\/szls.transistorgrab.de\/index.php?rest_route=\/wp\/v2\/pages\/2621"}],"collection":[{"href":"http:\/\/szls.transistorgrab.de\/index.php?rest_route=\/wp\/v2\/pages"}],"about":[{"href":"http:\/\/szls.transistorgrab.de\/index.php?rest_route=\/wp\/v2\/types\/page"}],"author":[{"embeddable":true,"href":"http:\/\/szls.transistorgrab.de\/index.php?rest_route=\/wp\/v2\/users\/1"}],"replies":[{"embeddable":true,"href":"http:\/\/szls.transistorgrab.de\/index.php?rest_route=%2Fwp%2Fv2%2Fcomments&post=2621"}],"version-history":[{"count":5,"href":"http:\/\/szls.transistorgrab.de\/index.php?rest_route=\/wp\/v2\/pages\/2621\/revisions"}],"predecessor-version":[{"id":2796,"href":"http:\/\/szls.transistorgrab.de\/index.php?rest_route=\/wp\/v2\/pages\/2621\/revisions\/2796"}],"wp:attachment":[{"href":"http:\/\/szls.transistorgrab.de\/index.php?rest_route=%2Fwp%2Fv2%2Fmedia&parent=2621"}],"curies":[{"name":"wp","href":"https:\/\/api.w.org\/{rel}","templated":true}]}}