{"id":2355,"date":"2021-05-25T12:58:02","date_gmt":"2021-05-25T10:58:02","guid":{"rendered":"http:\/\/szls.transistorgrab.de\/?page_id=2355"},"modified":"2021-06-04T08:59:28","modified_gmt":"2021-06-04T06:59:28","slug":"kaufleute-spickzettel","status":"publish","type":"page","link":"http:\/\/szls.transistorgrab.de\/?page_id=2355","title":{"rendered":"Kaufleute Spickzettel"},"content":{"rendered":"<h1>Bilanz<\/h1>\n<table>\n<tbody>\n<tr>\n<th><b>AKTIVA<\/b><\/th>\n<th><b>PASSIVA<\/b><\/th>\n<\/tr>\n<tr>\n<td><b>Anlageverm\u00f6gen<\/b><\/td>\n<td>Eigenkapital<\/td>\n<\/tr>\n<tr>\n<td>\u00a0Immobilien<\/td>\n<td>\u00a0Darlehen<\/td>\n<\/tr>\n<tr>\n<td>\u00a0Ta\/Maschinen<\/td>\n<td>\u00a0Verbindlichkeiten (z.B. offene Rechnungen von Lieferanten, z.B.)<\/td>\n<\/tr>\n<tr>\n<td>\u00a0Fuhrpark<\/td>\n<td><\/td>\n<\/tr>\n<tr>\n<td>\u00a0BGA (B\u00fcro- und Gesch\u00e4ftsausstattung)<\/td>\n<td><\/td>\n<\/tr>\n<tr>\n<td><b>Umlaufverm\u00f6gen<\/b><\/td>\n<td><\/td>\n<\/tr>\n<tr>\n<td>\u00a0Rohstoffe<\/td>\n<td><\/td>\n<\/tr>\n<tr>\n<td>\u00a0Hilfsstoffe<\/td>\n<td><\/td>\n<\/tr>\n<tr>\n<td>\u00a0Betriebsstoffe<\/td>\n<td><\/td>\n<\/tr>\n<tr>\n<td>\u00a0unfertige Erzeugnisse<\/td>\n<td><\/td>\n<\/tr>\n<tr>\n<td>\u00a0fertige Erzeugnisse<\/td>\n<td><\/td>\n<\/tr>\n<tr>\n<td>\u00a0Handelswaren<\/td>\n<td><\/td>\n<\/tr>\n<tr>\n<td>\u00a0Forderungen (z.B. offene Rechnungen von Kunden)<\/td>\n<td><\/td>\n<\/tr>\n<tr>\n<td>\u00a0Kasse<\/td>\n<td><\/td>\n<\/tr>\n<tr>\n<td>\u00a0Bank<\/td>\n<td><\/td>\n<\/tr>\n<\/tbody>\n<\/table>\n<p>Inventarpositionen:<br \/>\nAktiva: geordnet nach Liquidierbarkeit<br \/>\nPassiva: geordnet nach Laufzeit<\/p>\n<h1>T-Konten<\/h1>\n<p>Aktiva steigt -&gt; soll<br \/>\nPassiva steigt -&gt; haben<br \/>\nAufwand steigt -&gt; soll<br \/>\nErtrag steigt -&gt; haben<\/p>\n<h3>Buchung auf T-Konten<\/h3>\n<p>Aktiva mehren sich im Soll.<br \/>\nAktiva mindern sich im Haben.<br \/>\nDer Anfangsbestand von Aktiva steht im Soll.<br \/>\nDer Schlussbestand von Aktiva steht im Haben.<br \/>\nAktiva stehen im Schlussbilanzkonto links auf der Soll-Seite.<\/p>\n<p>Passiva mehren sich im Haben.<br \/>\nPassiva mindern sich im Soll.<br \/>\nDer Anfangsbestand von Passiva steht im Haben.<br \/>\nDer Schlussbestand von Passiva steht im Soll.<br \/>\nPassiva stehen im Schlussbilanzkonto rechts auf der Haben-Seite.<\/p>\n<p>Aufwendungen mehren sich im Soll.<br \/>\nDer Schlussbestand von Aufwendungen steht im Haben.<br \/>\nAufwendungen werden im GuV auf der Soll-Seite gebucht.<\/p>\n<p>Ertr\u00e4ge mehren sich im Haben.<br \/>\nDer Schlussbestand von Ertr\u00e4gen steht im Soll.<br \/>\nErtr\u00e4ge werden im GuV auf der Haben-Seite gebucht.<\/p>\n<p>Aufwand kostet die Firma Geld.<br \/>\nErtrag bringt der Firma Geld.<\/p>\n<p>Buchungss\u00e4tze: Soll an Haben<\/p>\n<p>Abschreibungen werden wie Aufw\u00e4nde verbucht.<\/p>\n<h3>Steuern<\/h3>\n<p><b>Kaufe<\/b>: Aufwand\/Ware\/Dienstleistung X Vorsteuer 0,19 X an Kasse\/Bank\/Verbindlichkeiten 1,19 X<br \/>\n<b>Verkaufen<\/b>: Kasse\/Bank\/Forderungen 1,19X an Ertr\u00e4ge X Umsatzsteuer 0,19 X<\/p>\n<p>Die Vorsteuer taucht in der Bilanz in der Aktiva auf.<br \/>\nDie Umsatzsteuer taucht in der Bilanz in der Passiva auf.<\/p>\n<p>Die Vorsteuer wird im Soll gebucht.<br \/>\nDie Umsatzsteuer wird im Haben gebucht.<\/p>\n<p>Im Buchungssatz wird der h\u00f6here Betrag zuerst genannt.<\/p>\n","protected":false},"excerpt":{"rendered":"<p>Bilanz AKTIVA PASSIVA Anlageverm\u00f6gen Eigenkapital \u00a0Immobilien \u00a0Darlehen \u00a0Ta\/Maschinen \u00a0Verbindlichkeiten (z.B. offene Rechnungen von Lieferanten, z.B.) \u00a0Fuhrpark \u00a0BGA (B\u00fcro- und Gesch\u00e4ftsausstattung) Umlaufverm\u00f6gen \u00a0Rohstoffe \u00a0Hilfsstoffe \u00a0Betriebsstoffe \u00a0unfertige Erzeugnisse \u00a0fertige Erzeugnisse \u00a0Handelswaren \u00a0Forderungen (z.B. offene Rechnungen von Kunden) \u00a0Kasse \u00a0Bank Inventarpositionen: Aktiva: geordnet nach Liquidierbarkeit Passiva: geordnet nach Laufzeit T-Konten Aktiva steigt -&gt; soll Passiva steigt -&gt; haben [&hellip;]<\/p>\n","protected":false},"author":1,"featured_media":0,"parent":0,"menu_order":0,"comment_status":"closed","ping_status":"closed","template":"","meta":{"footnotes":""},"_links":{"self":[{"href":"http:\/\/szls.transistorgrab.de\/index.php?rest_route=\/wp\/v2\/pages\/2355"}],"collection":[{"href":"http:\/\/szls.transistorgrab.de\/index.php?rest_route=\/wp\/v2\/pages"}],"about":[{"href":"http:\/\/szls.transistorgrab.de\/index.php?rest_route=\/wp\/v2\/types\/page"}],"author":[{"embeddable":true,"href":"http:\/\/szls.transistorgrab.de\/index.php?rest_route=\/wp\/v2\/users\/1"}],"replies":[{"embeddable":true,"href":"http:\/\/szls.transistorgrab.de\/index.php?rest_route=%2Fwp%2Fv2%2Fcomments&post=2355"}],"version-history":[{"count":14,"href":"http:\/\/szls.transistorgrab.de\/index.php?rest_route=\/wp\/v2\/pages\/2355\/revisions"}],"predecessor-version":[{"id":2374,"href":"http:\/\/szls.transistorgrab.de\/index.php?rest_route=\/wp\/v2\/pages\/2355\/revisions\/2374"}],"wp:attachment":[{"href":"http:\/\/szls.transistorgrab.de\/index.php?rest_route=%2Fwp%2Fv2%2Fmedia&parent=2355"}],"curies":[{"name":"wp","href":"https:\/\/api.w.org\/{rel}","templated":true}]}}